{"id":168,"date":"2016-11-04T20:53:42","date_gmt":"2016-11-04T20:53:42","guid":{"rendered":"http:\/\/www.luteryenkilisesi.org\/wp_dev\/?page_id=168"},"modified":"2025-07-30T23:09:29","modified_gmt":"2025-07-30T20:09:29","slug":"cemaatlerimiz","status":"publish","type":"page","link":"https:\/\/www.luteryenkilisesi.org\/?page_id=168","title":{"rendered":"Cemaatlerimiz"},"content":{"rendered":"\n<h2 class=\"wp-block-heading\">Cemaatler<\/h2>\n\n\n\n<p><a href=\"http:\/\/www.luteryenkilisesi.org\/?page_id=489\">\u0130stanbul&#8217;daki cemaat<\/a> 2003 y\u0131l\u0131ndan beri Allah&#8217;\u0131n hizmetindedir. Her haftal\u0131k ayinde cemaat&nbsp;Allah&#8217;\u0131n merhametinin alt\u0131ndad\u0131r.<\/p>\n\n\n\n<p><a href=\"http:\/\/www.luteryenkilisesi.org\/?page_id=492\">\u0130zmir&#8217;deki cemaat <\/a>2012 y\u0131l\u0131ndan beri Allah&#8217;\u0131n hizmetindedir. Her haftal\u0131k ayinde cemaat\u00a0Allah&#8217;\u0131n merhametinin alt\u0131ndad\u0131r.<\/p>\n\n\n\n<p><a href=\"http:\/\/www.luteryenkilisesi.org\/?page_id=2740\" data-type=\"link\" data-id=\"http:\/\/www.luteryenkilisesi.org\/?page_id=2740\">Adana&#8217;daki cemaat<\/a><a href=\"http:\/\/www.luteryenkilisesi.org\/?page_id=2612\"> <\/a>2024 y\u0131l\u0131ndan beri Allah&#8217;\u0131n<br> hizmetindedir. Her haftal\u0131k ayinde cemaat<br> Allah&#8217;\u0131n merhametinin alt\u0131ndad\u0131r.<\/p>\n\n\n\n<p><a href=\"http:\/\/www.luteryenkilisesi.org\/?page_id=495\">Pe\u015ftera&#8217;daki cemaat<\/a> 1992 y\u0131l\u0131ndan beri Allah&#8217;\u0131n hizmetindedir. Her haftal\u0131k ayinde cemaat&nbsp;Allah&#8217;\u0131n merhametinin alt\u0131ndad\u0131r.<\/p>\n\n\n\n<p><a href=\"http:\/\/www.luteryenkilisesi.org\/?page_id=497\">Kru\u015fevo&#8217;daki cemaat <\/a>2013 y\u0131l\u0131ndan beri Allah&#8217;\u0131n hizmetindedir. Her haftal\u0131k ayinde cemaat&nbsp;Allah&#8217;\u0131n merhametinin alt\u0131ndad\u0131r.<\/p>\n\n\n\n<p><\/p>\n","protected":false},"excerpt":{"rendered":"<p>Cemaatler \u0130stanbul&#8217;daki cemaat 2003 y\u0131l\u0131ndan beri Allah&#8217;\u0131n hizmetindedir. Her haftal\u0131k ayinde cemaat&nbsp;Allah&#8217;\u0131n merhametinin alt\u0131ndad\u0131r. \u0130zmir&#8217;deki cemaat 2012 y\u0131l\u0131ndan beri Allah&#8217;\u0131n hizmetindedir. Her haftal\u0131k ayinde cemaat\u00a0Allah&#8217;\u0131n merhametinin alt\u0131ndad\u0131r. Adana&#8217;daki cemaat 2024 &hellip; <a href=\"https:\/\/www.luteryenkilisesi.org\/?page_id=168\" class=\"more-link\">Continue reading <span class=\"screen-reader-text\">Cemaatlerimiz<\/span> <span class=\"meta-nav\">&rarr;<\/span><\/a><\/p>\n","protected":false},"author":1,"featured_media":0,"parent":0,"menu_order":0,"comment_status":"closed","ping_status":"closed","template":"","meta":{"_monsterinsights_skip_tracking":false,"_monsterinsights_sitenote_active":false,"_monsterinsights_sitenote_note":"","_monsterinsights_sitenote_category":0,"footnotes":""},"class_list":["post-168","page","type-page","status-publish","hentry"],"_links":{"self":[{"href":"https:\/\/www.luteryenkilisesi.org\/index.php?rest_route=\/wp\/v2\/pages\/168","targetHints":{"allow":["GET"]}}],"collection":[{"href":"https:\/\/www.luteryenkilisesi.org\/index.php?rest_route=\/wp\/v2\/pages"}],"about":[{"href":"https:\/\/www.luteryenkilisesi.org\/index.php?rest_route=\/wp\/v2\/types\/page"}],"author":[{"embeddable":true,"href":"https:\/\/www.luteryenkilisesi.org\/index.php?rest_route=\/wp\/v2\/users\/1"}],"replies":[{"embeddable":true,"href":"https:\/\/www.luteryenkilisesi.org\/index.php?rest_route=%2Fwp%2Fv2%2Fcomments&post=168"}],"version-history":[{"count":18,"href":"https:\/\/www.luteryenkilisesi.org\/index.php?rest_route=\/wp\/v2\/pages\/168\/revisions"}],"predecessor-version":[{"id":2748,"href":"https:\/\/www.luteryenkilisesi.org\/index.php?rest_route=\/wp\/v2\/pages\/168\/revisions\/2748"}],"wp:attachment":[{"href":"https:\/\/www.luteryenkilisesi.org\/index.php?rest_route=%2Fwp%2Fv2%2Fmedia&parent=168"}],"curies":[{"name":"wp","href":"https:\/\/api.w.org\/{rel}","templated":true}]}}