{"id":87,"date":"2016-10-25T08:48:46","date_gmt":"2016-10-25T08:48:46","guid":{"rendered":"http:\/\/www.luteryenkilisesi.org\/wp_dev\/?page_id=87"},"modified":"2018-01-12T08:22:01","modified_gmt":"2018-01-12T05:22:01","slug":"linkler","status":"publish","type":"page","link":"https:\/\/www.luteryenkilisesi.org\/?page_id=87","title":{"rendered":"Linkler"},"content":{"rendered":"<p>Online\u00a0<a href=\"https:\/\/incil.info\">Kutsal Kitap\u00bb\u00a0<\/a>\u00a0\u0130zmir Protestan Kilisesi&#8217;nin web sitesinde<\/p>\n<p>Kutsal Kitap hakk\u0131nda<a href=\"https:\/\/www.kitabimukaddes.com\/kutsal-kitap-hakkinda-bilgilendirme-ve-tam-metni\/\"> temel bilgiler\u00bb <\/a>Kitab-\u0131 Mukaddes \u015eirketi&#8217;nin sayfas\u0131nda<\/p>\n<p>Luka m\u00fcjdesi ile ilgil, bireysel ya da grup \u00e7al\u0131\u015fmas\u0131 i\u00e7in <a href=\"http:\/\/www.gladtidings-bs.com\/turkish\/gtbs\/index.shtml?downloads\">\u00f6\u011frenme materyali<\/a><\/p>\n","protected":false},"excerpt":{"rendered":"<p>Online\u00a0Kutsal Kitap\u00bb\u00a0\u00a0\u0130zmir Protestan Kilisesi&#8217;nin web sitesinde Kutsal Kitap hakk\u0131nda temel bilgiler\u00bb Kitab-\u0131 Mukaddes \u015eirketi&#8217;nin sayfas\u0131nda Luka m\u00fcjdesi ile ilgil, bireysel ya da grup \u00e7al\u0131\u015fmas\u0131 i\u00e7in \u00f6\u011frenme materyali<\/p>\n","protected":false},"author":1,"featured_media":0,"parent":0,"menu_order":0,"comment_status":"closed","ping_status":"closed","template":"","meta":{"_monsterinsights_skip_tracking":false,"_monsterinsights_sitenote_active":false,"_monsterinsights_sitenote_note":"","_monsterinsights_sitenote_category":0,"footnotes":""},"class_list":["post-87","page","type-page","status-publish","hentry"],"_links":{"self":[{"href":"https:\/\/www.luteryenkilisesi.org\/index.php?rest_route=\/wp\/v2\/pages\/87","targetHints":{"allow":["GET"]}}],"collection":[{"href":"https:\/\/www.luteryenkilisesi.org\/index.php?rest_route=\/wp\/v2\/pages"}],"about":[{"href":"https:\/\/www.luteryenkilisesi.org\/index.php?rest_route=\/wp\/v2\/types\/page"}],"author":[{"embeddable":true,"href":"https:\/\/www.luteryenkilisesi.org\/index.php?rest_route=\/wp\/v2\/users\/1"}],"replies":[{"embeddable":true,"href":"https:\/\/www.luteryenkilisesi.org\/index.php?rest_route=%2Fwp%2Fv2%2Fcomments&post=87"}],"version-history":[{"count":9,"href":"https:\/\/www.luteryenkilisesi.org\/index.php?rest_route=\/wp\/v2\/pages\/87\/revisions"}],"predecessor-version":[{"id":1572,"href":"https:\/\/www.luteryenkilisesi.org\/index.php?rest_route=\/wp\/v2\/pages\/87\/revisions\/1572"}],"wp:attachment":[{"href":"https:\/\/www.luteryenkilisesi.org\/index.php?rest_route=%2Fwp%2Fv2%2Fmedia&parent=87"}],"curies":[{"name":"wp","href":"https:\/\/api.w.org\/{rel}","templated":true}]}}